{"id":6,"date":"2021-03-09T14:47:10","date_gmt":"2021-03-09T14:47:10","guid":{"rendered":"http:\/\/aquasos.inoe.ro\/?page_id=6"},"modified":"2021-03-10T12:11:06","modified_gmt":"2021-03-10T12:11:06","slug":"about","status":"publish","type":"page","link":"https:\/\/aquasos.inoe.ro\/index.php\/about\/","title":{"rendered":"Despre"},"content":{"rendered":"\n<p><\/p>\n\n\n\n<p><\/p>\n\n\n\n<p class=\"has-text-align-left\"><strong>Cea mai nou\u0103 platform\u0103 interactiva dedicat\u0103 tuturor cet\u0103\u021benilor care doresc sa se implice \u00een evaluarea calit\u0103\u021bii apelor din Rom\u00e2nia.<\/strong><\/p>\n\n\n\n<p><\/p>\n\n\n\n<p class=\"has-text-align-left\"><a rel=\"noreferrer noopener\" href=\"http:\/\/ecomore.inoe.ro\" data-type=\"URL\" data-id=\"http:\/\/ecomore.inoe.ro\" target=\"_blank\">ECOMORE<\/a> &#8211; proiectul de cercetare care \u00ee\u0219i dore\u0219te s\u0103 apropie cet\u0103\u021benii de \u0219tiin\u021b\u0103 \u0219i \u0219tiin\u021ba de cet\u0103\u021beni.<\/p>\n\n\n\n<p><\/p>\n\n\n\n<p class=\"has-text-align-left\">\u00cen ultimii ani, publicul a contribuit la extinderea cuno\u0219tin\u021belor \u0219tiin\u021bifice, iar un parteneriat productiv \u00eentre cercet\u0103tori \u0219i public poate \u00eembun\u0103t\u0103\u021bi dispersia temporal\u0103 \u0219i spa\u021bial\u0103 a datelor de mediu, furniz\u00e2nd informa\u021bii complementare despre ecosistemele acvatice.<\/p>\n\n\n\n<p><\/p>\n\n\n\n<p class=\"has-text-align-left\">\u0218tiin\u021ba care implica participarea cet\u0103\u021benilor pentru deservirea nevoilor acestora reprezint\u0103 un cadru eficient pentru schimbul de cuno\u0219tin\u021be asupra problemelor de mediu, con\u0219tientizarea problemelor de mediu, reconectarea oamenilor cu natura \u0219i promovarea unei atitudini ecologice.<\/p>\n\n\n\n<p><\/p>\n\n\n\n<p><strong><em>SCOPUL PROIECTULUI:<\/em><\/strong><\/p>\n\n\n\n<p class=\"has-text-align-left\">Scopul principal al proiectului este reprezentat de consolidarea capacit\u0103\u021bii cet\u0103\u021benilor de a raporta \u0219i monitoriza poluarea apei \u0219i de a promova implicarea activ\u0103 a comunit\u0103\u021bii pentru sensibilizarea, educarea \u0219i luarea deciziilor. Prin intermediul acestei platforme online gratuite \u0219i usor de utilizat pentru colectarea de date asupra calit\u0103\u021bii apei, se urm\u0103re\u0219te o monitorizare pe termen lung cu ajutorul unui set predefinit de metode. Va fi evaluata percep\u021bia cet\u0103\u021benilor asupra programelor legate de mediu \u0219i rela\u021bia acestora cu mediul. Rezultatele proiectului vor contribui la o mai bun\u0103 \u00een\u021belegere a rela\u021biilor public-exper\u021bi, vor permite realizarea de discu\u021bii \u00eentre p\u0103r\u021bile interesate, vor oferi oportunit\u0103\u021bi cet\u0103\u021benilor de a exprima \u00eengrijor\u0103rile legate de calitatea apei \u0219i pierderea serviciilor ecosistemice \u0219i vor eviden\u021bia importan\u021ba particip\u0103rii \u00een proiecte \u0219tiin\u021bifice.&nbsp;<\/p>\n","protected":false},"excerpt":{"rendered":"<p>Cea mai nou\u0103 platform\u0103 interactiva dedicat\u0103 tuturor cet\u0103\u021benilor care doresc sa se implice \u00een evaluarea calit\u0103\u021bii apelor din Rom\u00e2nia. ECOMORE &#8211; proiectul de cercetare care \u00ee\u0219i dore\u0219te s\u0103 apropie cet\u0103\u021benii de \u0219tiin\u021b\u0103 \u0219i \u0219tiin\u021ba de cet\u0103\u021beni. \u00cen ultimii ani, publicul a contribuit la extinderea cuno\u0219tin\u021belor \u0219tiin\u021bifice, iar un parteneriat productiv \u00eentre cercet\u0103tori \u0219i public poate [&hellip;]<\/p>\n","protected":false},"author":1,"featured_media":0,"parent":0,"menu_order":0,"comment_status":"closed","ping_status":"closed","template":"","meta":{"footnotes":""},"class_list":["post-6","page","type-page","status-publish","hentry"],"_links":{"self":[{"href":"https:\/\/aquasos.inoe.ro\/index.php\/wp-json\/wp\/v2\/pages\/6"}],"collection":[{"href":"https:\/\/aquasos.inoe.ro\/index.php\/wp-json\/wp\/v2\/pages"}],"about":[{"href":"https:\/\/aquasos.inoe.ro\/index.php\/wp-json\/wp\/v2\/types\/page"}],"author":[{"embeddable":true,"href":"https:\/\/aquasos.inoe.ro\/index.php\/wp-json\/wp\/v2\/users\/1"}],"replies":[{"embeddable":true,"href":"https:\/\/aquasos.inoe.ro\/index.php\/wp-json\/wp\/v2\/comments?post=6"}],"version-history":[{"count":8,"href":"https:\/\/aquasos.inoe.ro\/index.php\/wp-json\/wp\/v2\/pages\/6\/revisions"}],"predecessor-version":[{"id":209,"href":"https:\/\/aquasos.inoe.ro\/index.php\/wp-json\/wp\/v2\/pages\/6\/revisions\/209"}],"wp:attachment":[{"href":"https:\/\/aquasos.inoe.ro\/index.php\/wp-json\/wp\/v2\/media?parent=6"}],"curies":[{"name":"wp","href":"https:\/\/api.w.org\/{rel}","templated":true}]}}